{"id":1283,"date":"2018-05-25T15:16:56","date_gmt":"2018-05-25T13:16:56","guid":{"rendered":"http:\/\/biskotto.de\/?page_id=1283"},"modified":"2023-03-06T14:30:46","modified_gmt":"2023-03-06T13:30:46","slug":"impressum","status":"publish","type":"page","link":"https:\/\/biskotto.de\/?page_id=1283","title":{"rendered":"Impressum"},"content":{"rendered":"<p><span style=\"color: #000000;\">Biskotto Cafe &amp; Bistro<br \/>\nMartin-Schmei\u00dfer-Weg 3b<br \/>\n44227 Dortmund<br \/>\nTelefon: 02 31 \/ 700 2 700<\/span><\/p>\n<p>&nbsp;<\/p>\n<p>Inhaberin und Gesch\u00e4ftsf\u00fchrung: Sonja L\u00fcders<br \/>\nAutorin: Sonja L\u00fcders<\/p>\n<p>USt-Id-Nr.:\u00a0DE306609217<\/p>\n<p><span style=\"color: #000000;\">Bei Kontakt-Wunsch wenden Sie sich bitte an die folgende Mail-Adresse: info@biskotto.de<\/span><\/p>\n<p>&nbsp;<\/p>\n<p><span style=\"color: #000000;\">Wir haben im Biskotto keinen Internetanschluss.<br \/>\n<\/span><span style=\"color: #000000;\">Speisenreservierungen bitte nur telefonisch.<\/span><\/p>\n<h2><\/h2>\n<h2><\/h2>\n<div class=\"pdfprnt-buttons pdfprnt-buttons-page pdfprnt-bottom-right\"><a href=\"https:\/\/biskotto.de\/index.php?rest_route=wpv2pages1283&print=pdf\" class=\"pdfprnt-button pdfprnt-button-pdf\" target=\"_blank\"><img decoding=\"async\" src=\"https:\/\/biskotto.de\/wp-content\/plugins\/pdf-print\/images\/pdf.png\" alt=\"image_pdf\" title=\"PDF anzeigen\" \/><\/a><a href=\"https:\/\/biskotto.de\/index.php?rest_route=wpv2pages1283&print=print\" class=\"pdfprnt-button pdfprnt-button-print\" target=\"_blank\"><img decoding=\"async\" src=\"https:\/\/biskotto.de\/wp-content\/plugins\/pdf-print\/images\/print.png\" alt=\"image_print\" title=\"Inhalt drucken\" \/><\/a><\/div>","protected":false},"excerpt":{"rendered":"<p>Biskotto Cafe &amp; Bistro Martin-Schmei\u00dfer-Weg 3b 44227 Dortmund Telefon: 02 31 \/ 700 2 700 &nbsp; Inhaberin und Gesch\u00e4ftsf\u00fchrung: Sonja L\u00fcders Autorin: Sonja L\u00fcders USt-Id-Nr.:\u00a0DE306609217 Bei Kontakt-Wunsch wenden Sie sich bitte an die folgende Mail-Adresse: info@biskotto.de &nbsp; Wir haben im Biskotto keinen Internetanschluss. Speisenreservierungen bitte nur telefonisch.<\/p>\n","protected":false},"author":2,"featured_media":0,"parent":0,"menu_order":0,"comment_status":"closed","ping_status":"closed","template":"","meta":{"footnotes":""},"categories":[],"tags":[],"class_list":["post-1283","page","type-page","status-publish","hentry","column","onecol"],"publishpress_future_action":{"enabled":false,"date":"2026-05-13 15:01:58","action":"change-status","newStatus":"draft","terms":[],"taxonomy":"category"},"_links":{"self":[{"href":"https:\/\/biskotto.de\/index.php?rest_route=\/wp\/v2\/pages\/1283","targetHints":{"allow":["GET"]}}],"collection":[{"href":"https:\/\/biskotto.de\/index.php?rest_route=\/wp\/v2\/pages"}],"about":[{"href":"https:\/\/biskotto.de\/index.php?rest_route=\/wp\/v2\/types\/page"}],"author":[{"embeddable":true,"href":"https:\/\/biskotto.de\/index.php?rest_route=\/wp\/v2\/users\/2"}],"replies":[{"embeddable":true,"href":"https:\/\/biskotto.de\/index.php?rest_route=%2Fwp%2Fv2%2Fcomments&post=1283"}],"version-history":[{"count":5,"href":"https:\/\/biskotto.de\/index.php?rest_route=\/wp\/v2\/pages\/1283\/revisions"}],"predecessor-version":[{"id":2377,"href":"https:\/\/biskotto.de\/index.php?rest_route=\/wp\/v2\/pages\/1283\/revisions\/2377"}],"wp:attachment":[{"href":"https:\/\/biskotto.de\/index.php?rest_route=%2Fwp%2Fv2%2Fmedia&parent=1283"}],"wp:term":[{"taxonomy":"category","embeddable":true,"href":"https:\/\/biskotto.de\/index.php?rest_route=%2Fwp%2Fv2%2Fcategories&post=1283"},{"taxonomy":"post_tag","embeddable":true,"href":"https:\/\/biskotto.de\/index.php?rest_route=%2Fwp%2Fv2%2Ftags&post=1283"}],"curies":[{"name":"wp","href":"https:\/\/api.w.org\/{rel}","templated":true}]}}