{"id":344,"date":"2018-07-14T20:36:46","date_gmt":"2018-07-14T18:36:46","guid":{"rendered":"http:\/\/www.biskotto.de\/?page_id=344"},"modified":"2026-04-30T14:16:54","modified_gmt":"2026-04-30T12:16:54","slug":"mittagstisch","status":"publish","type":"page","link":"https:\/\/biskotto.de\/","title":{"rendered":"Mittagstisch der aktuellen Woche"},"content":{"rendered":"<h4>Bitte bestellt vor (telefonisch, Whatsapp,\u00a0 \u00a0 \u00a0 -bis 11:15 Uhr), damit wir Eure Lieblingsspeisen garantiert f\u00fcr Euch da haben:<\/h4>\n<h3><span style=\"color: #000000;\"><span style=\"color: #99cc00;\">Tel\/ Whatsapp: 0231\/700 2 700<\/span>\u00a0 <\/span><span style=\"color: #339966;\">\u00a0<\/span> \u00a0<span style=\"color: #000000;\">\u00a0<\/span><\/h3>\n<h4><span style=\"color: #ff0000;\"><span style=\"color: #99cc00;\">Wir freuen uns auf Euch&#8230;<\/span><\/span><\/h4>\n<h3><span style=\"color: #99cc00;\">Tischreservierungen f\u00fcr z.B. Gesch\u00e4ftsessen um 11:30 Uhr oder um 13:00 Uhr m\u00f6glich.<\/span><\/h3>\n<h2><\/h2>\n<h4><span style=\"color: #000000;\"><strong>T\u00e4glich zus\u00e4tzlich:\u00a0<\/strong><\/span><\/h4>\n<p><span style=\"color: #ff0000;\"><strong><span style=\"color: #0000ff;\"><span style=\"color: #000000;\">\u201eHasta la Pasta\u201c\u2026<\/span><br \/>\n<\/span><\/strong><span style=\"color: #0000ff;\"><span style=\"color: #000000;\">(t\u00e4glich ab 13 Uhr bzw. wenn Fleischgericht aus&#8230;)\u00a0 \u00a0 \u00a0 \u00a0 \u00a0 \u00a0 \u00a0 \u00a0 \u00a0 \u00a0 \u00a0 \u00a0 \u00a0 \u00a0 \u00a0 \u00a0 \u00a0 \u00a0 \u00a0 \u00a0 \u00a0 \u00a0 \u00a0 \u00a0 \u00a0 \u00a0 \u00a0 \u00a0 \u00a0 \u00a0 \u00a0 \u00a0 \u00a0 \u00a0 \u00a0 \u00a0 \u00a0 \u00a0 \u00a0 \u00a0 \u00a0Nudeln mit Bolognesesauce<\/span><\/span><\/span><span style=\"color: #ff0000;\"><span style=\"color: #0000ff;\">\u00a0\u00a0<\/span><span style=\"color: #000000;\">\u00a0 \u00a0 \u00a0 \u00a0 \u00a0 \u00a0 \u00a0 \u00a0 \u00a0 \u00a0 \u00a0 \u00a0 \u00a0 \u00a0 \u00a0 \u00a0 \u00a0 \u00a0 \u00a0 \u00a0 \u00a0 \u00a0 \u00a0 \u00a0 \u00a0 \u00a0 \u00a0 \u00a0 \u00a0 \u00a0 \u00a0 \u00a0 \u00a0 \u00a0 \u00a0 \u00a0 10,50 \u20ac<strong><br \/>\n<\/strong><\/span><\/span><\/p>\n<p><span style=\"color: #000000;\"><strong>\u201eSchmackofatz&#8220; (t\u00e4glich ab 11:30 Uhr)<br \/>\n<\/strong>scharfe Biskotto-Tomaten-Sahne-Nudeln mit K\u00e4se, vegi\u00a0 \u00a0 \u00a0 \u00a0 \u00a0 \u00a0 \u00a0 \u00a0 \u00a0 \u00a0 \u00a0 \u00a0 \u00a0 \u00a07,00 \u20ac<\/span><\/p>\n<p><span style=\"color: #000000;\"><strong>gemischter Salat (auf Vorbestellung)<br \/>\n<\/strong>mit Krautsalat, Gurke, Paprika, Gurke, Tomate, Mais\u00a0 \u00a0 \u00a0 \u00a0 \u00a0 \u00a0 \u00a0 \u00a0 \u00a0 \u00a0 \u00a0 \u00a0 \u00a0 \u00a0 \u00a0 \u00a0 \u00a09,70 \u20ac<br \/>\n+ Ei\u00a0 \u00a0 \u00a0 \u00a0 \u00a0 \u00a0 \u00a0 \u00a0 \u00a0 \u00a0 \u00a0 \u00a0 \u00a0 \u00a0 \u00a0 \u00a0 \u00a0 \u00a0 \u00a0 \u00a0 \u00a0 \u00a0 \u00a0 \u00a0 \u00a0 \u00a0 \u00a0 \u00a0 \u00a0 \u00a0 \u00a0 \u00a0 \u00a0 \u00a0 \u00a0 \u00a0 \u00a0 \u00a0 \u00a0 \u00a0 \u00a0 \u00a0 \u00a0 \u00a0 \u00a0 \u00a0 \u00a0 \u00a0 \u00a0 \u00a0 \u00a0 \u00a0 \u00a0 \u00a0 \u00a0 \u00a0 \u00a0 \u00a0 + 0,80 \u20ac\u00a0 \u00a0 \u00a0 \u00a0 \u00a0 \u00a0 \u00a0 \u00a0 \u00a0 \u00a0 \u00a0 \u00a0 \u00a0 \u00a0 \u00a0 \u00a0 \u00a0 \u00a0 \u00a0 \u00a0 \u00a0 \u00a0 <\/span><span style=\"color: #000000;\">+ Hirtenk\u00e4se\u00a0 \u00a0 \u00a0 \u00a0 \u00a0 \u00a0 \u00a0 \u00a0 \u00a0 \u00a0 \u00a0 \u00a0 \u00a0 \u00a0 \u00a0 \u00a0 \u00a0 \u00a0 \u00a0 \u00a0 \u00a0 \u00a0 \u00a0 \u00a0 \u00a0 \u00a0 \u00a0 \u00a0 \u00a0 \u00a0 \u00a0 \u00a0 \u00a0 \u00a0 \u00a0 \u00a0 \u00a0 \u00a0 \u00a0 \u00a0 \u00a0 \u00a0 \u00a0 \u00a0 \u00a0 \u00a0 \u00a0 \u00a0 \u00a0 \u00a0 +1,40 \u20ac<br \/>\n+ Thunfisch\u00a0 \u00a0 \u00a0 \u00a0 \u00a0 \u00a0 \u00a0 \u00a0 \u00a0 \u00a0 \u00a0 \u00a0 \u00a0 \u00a0 \u00a0 \u00a0 \u00a0 \u00a0 \u00a0 \u00a0 \u00a0 \u00a0 \u00a0 \u00a0 \u00a0 \u00a0 \u00a0 \u00a0 \u00a0 \u00a0 \u00a0 \u00a0 \u00a0 \u00a0 \u00a0 \u00a0 \u00a0 \u00a0 \u00a0 \u00a0 \u00a0 \u00a0 \u00a0 \u00a0 \u00a0 \u00a0 \u00a0 \u00a0 \u00a0 \u00a0 \u00a0 +2,30 \u20ac\u00a0 \u00a0 \u00a0 \u00a0 \u00a0 \u00a0 \u00a0 \u00a0 \u00a0 \u00a0 \u00a0 \u00a0 \u00a0 \u00a0 \u00a0 \u00a0 \u00a0 Dressing: Joghurt-Kr\u00e4uter \/ Essig-\u00d6l-Kr\u00e4uter\u00a0 \u00a0 \u00a0 \u00a0 \u00a0 \u00a0 \u00a0 \u00a0 \u00a0 \u00a0 \u00a0 \u00a0 \u00a0 \u00a0<\/span><\/p>\n<h6><span style=\"color: #000000;\">Couscous-Salat\u00a0 \u00a0 \u00a0 \u00a0 \u00a0 \u00a0 \u00a0 \u00a0 \u00a0 \u00a0 \u00a0 \u00a0 \u00a0 \u00a0 \u00a0 \u00a0 \u00a0 \u00a0 \u00a0 \u00a0 \u00a0 \u00a0 \u00a0 \u00a0 \u00a0 \u00a0 \u00a0 \u00a0 \u00a0 \u00a0 \u00a0 \u00a0 \u00a0 \u00a0 \u00a0 \u00a0 \u00a0 \u00a0 \u00a0 \u00a0 \u00a0 \u00a0 \u00a0 \u00a0 \u00a0 4,50\u20ac\u00a0 \u00a0 \u00a0 \u00a0 \u00a0 \u00a0 \u00a0 \u00a0 \u00a0 \u00a0 \u00a0 \u00a0 \u00a0 \u00a0 \u00a0 <\/span><span style=\"color: #000000;\">Joghurt mit Kirschen, Apfelkompott oder anderen Fr\u00fcchten\u00a0 \u00a0 \u00a0 \u00a0 \u00a0 \u00a0 \u00a0 \u00a0 \u00a02,80 -3,20\u20ac\u00a0 \u00a0 \u00a0 \u00a0<\/span><\/h6>\n<h6><span style=\"color: #000000;\">Friki-Krauti, Gefl\u00fcgelfrikadelle, Krautsalat im Br\u00f6tchen\u00a0 \u00a0 \u00a0 \u00a0 \u00a0 \u00a0 \u00a0 \u00a0 \u00a0 \u00a0 \u00a0 \u00a0 \u00a0 \u00a0 \u00a04,50\u20ac\u00a0 \u00a0 \u00a0 \u00a0 \u00a0 \u00a0 \u00a0 \u00a0 \u00a0 \u00a0 \u00a0 \u00a0 \u00a0 \u00a0 \u00a0 \u00a0 <\/span><span style=\"color: #000000;\">belegte Br\u00f6tchen mit Salat, Gurke, Tomate\u00a0 \u00a0 \u00a0 \u00a0 \u00a0 \u00a0 \u00a0 \u00a0 \u00a0 \u00a0 \u00a0 \u00a0 \u00a0 \u00a0 \u00a0 \u00a0 \u00a0 \u00a0 \u00a0 \u00a0 \u00a0 \u00a0 \u00a0 \u00a0 3,30\u20ac\u00a0 \u00a0 \u00a0 \u00a0 \u00a0 \u00a0 \u00a0 \u00a0 \u00a0 \u00a0 \u00a0 \u00a0 \u00a0 \u00a0 \u00a0 \u00a0 \u00a0\u00a0<\/span><\/h6>\n<h2><\/h2>\n<p>&nbsp;<\/p>\n<h2>KW 19 (04.-08.05.2026)<\/h2>\n<h2><\/h2>\n<h2>Montag<\/h2>\n<p><strong>Cremige Kokos-Spinatsuppe, <\/strong>vegan<strong><br \/>\n<\/strong>mit Kartoffeln und feiner Curry-Note\u00a0 \u00a0 \u00a0 \u00a0 \u00a0 \u00a0 \u00a0 \u00a0 \u00a0 \u00a0 \u00a0 \u00a0 \u00a0 \u00a0 \u00a0 \u00a0 \u00a0 \u00a0 \u00a0 \u00a0 \u00a0 \u00a0 \u00a0 \u00a0 \u00a0 \u00a0 \u00a0 \u00a0 \u00a0 \u00a0 9,00\u00a0\u20ac<br \/>\n*wahlweise mit W\u00fcrstchen (Gefl\u00fcgel)\u00a0 \u00a0 \u00a0 \u00a0 \u00a0 \u00a0 \u00a0 \u00a0 \u00a0 \u00a0 \u00a0 \u00a0 \u00a0 \u00a0 \u00a0 \u00a0 \u00a0 \u00a0 \u00a0 \u00a0 \u00a0 \u00a0 \u00a0 \u00a0 \u00a0 \u00a0 \u00a0 \u00a0 \u00a0+1,70 \u20ac<\/p>\n<p><strong>Mexikanisches Rinderhackfleisch mit Tomatenreis und Ajvar<br \/>\n<\/strong>mit Erbsen, Mais, Paprika und Gouda gebacken\u00a0 \u00a0 \u00a0 \u00a0 \u00a0 \u00a0 \u00a0 \u00a0 \u00a0 \u00a0 \u00a0 \u00a0 \u00a0 \u00a0 \u00a0 \u00a0 \u00a0 \u00a0 \u00a0 \u00a0 10,50\u00a0\u20ac<\/p>\n<h2><u><br \/>\n<\/u>Dienstag<\/h2>\n<p><strong>Ajvar-Suppe<br \/>\n<\/strong>mit Rinderhackfleisch und Hirtenk\u00e4se\u00a0 \u00a0 \u00a0 \u00a0 \u00a0 \u00a0 \u00a0 \u00a0 \u00a0 \u00a0 \u00a0 \u00a0 \u00a0 \u00a0 \u00a0 \u00a0 \u00a0 \u00a0 \u00a0 \u00a0 \u00a0 \u00a0 \u00a0 \u00a0 \u00a0 \u00a0 \u00a0 \u00a0 \u00a010,00 \u20ac<\/p>\n<p><strong> Gebackene K\u00e4se-Nudeln <\/strong>mit Hirtenk\u00e4se, Fr\u00fchlingszwiebeln<br \/>\ndazu Salatbeilage mit hausgemachtem Dressing, vegi\u00a0 \u00a0 \u00a0 \u00a0 \u00a0 \u00a0 \u00a0 \u00a0 \u00a0 \u00a0 \u00a0 \u00a0 \u00a0 \u00a0 10,00\u00a0\u20ac<br \/>\n*wahlweise mit Gefl\u00fcgelfrikadellen\u00a0 \u00a0 \u00a0 \u00a0 \u00a0 \u00a0 \u00a0 \u00a0 \u00a0 \u00a0 \u00a0 \u00a0 \u00a0 \u00a0 \u00a0 \u00a0 \u00a0 \u00a0 \u00a0 \u00a0 \u00a0 \u00a0 \u00a0 \u00a0 \u00a0 \u00a0 \u00a0 \u00a0 \u00a0 \u00a0 +2,50 \u20ac<\/p>\n<h2><u><br \/>\n<\/u>Mittwoch<\/h2>\n<p><strong>Paprika-Creme-Suppe<\/strong>, vegi mit Creme Fraiche\u00a0 \u00a0 \u00a0 \u00a0 \u00a0 \u00a0 \u00a0 \u00a0 \u00a0 \u00a0 \u00a0 \u00a0 \u00a0 \u00a0 \u00a0 \u00a0 \u00a0 \u00a0 \u00a0 \u00a0 \u00a09,00 \u20ac<br \/>\n*mit Gefl\u00fcgelw\u00fcrstchen\u00a0 \u00a0 \u00a0 \u00a0 \u00a0 \u00a0 \u00a0 \u00a0 \u00a0 \u00a0 \u00a0 \u00a0 \u00a0 \u00a0 \u00a0 \u00a0 \u00a0 \u00a0 \u00a0 \u00a0 \u00a0 \u00a0 \u00a0 \u00a0 \u00a0 \u00a0 \u00a0 \u00a0 \u00a0 \u00a0 \u00a0 \u00a0 \u00a0 \u00a0 \u00a0 \u00a0 \u00a0 \u00a0 \u00a0 \u00a0+1,70\u00a0\u20ac<\/p>\n<p><strong> Chili con Carne <\/strong>mit Reis<br \/>\nmit Rinderhackfleisch<strong>\u00a0\u00a0 \u00a0 \u00a0\u00a0 \u00a0\u00a0\u00a0\u00a0\u00a0\u00a0\u00a0\u00a0\u00a0\u00a0\u00a0\u00a0\u00a0\u00a0\u00a0\u00a0\u00a0\u00a0\u00a0\u00a0\u00a0\u00a0\u00a0\u00a0\u00a0\u00a0\u00a0\u00a0\u00a0\u00a0\u00a0\u00a0\u00a0\u00a0\u00a0\u00a0\u00a0\u00a0\u00a0\u00a0\u00a0\u00a0\u00a0\u00a0\u00a0\u00a0\u00a0\u00a0\u00a0\u00a0 <\/strong>\u00a0 \u00a0 \u00a0 \u00a0 \u00a0 \u00a0 \u00a0 \u00a0 \u00a0 \u00a0 \u00a0 \u00a0 \u00a0 10,50\u00a0\u20ac<\/p>\n<h2><u><br \/>\n<\/u> Donnerstag<\/h2>\n<p><strong>Curry-H\u00e4hnchensuppe,<br \/>\n<\/strong>mit Kichererbsen, Curry, Reis und Joghurt\u00a0<strong>\u00a0 \u00a0 \u00a0 \u00a0 \u00a0 \u00a0 \u00a0 \u00a0 \u00a0 \u00a0 \u00a0 \u00a0 \u00a0 \u00a0 \u00a0 \u00a0 \u00a0 \u00a0 \u00a0 \u00a0 \u00a0 \u00a0 \u00a0 \u00a0<\/strong>\u00a010,40 \u20ac<\/p>\n<p><strong>\u00dcberbackene\u00a0Spinat-Nudelauflauf,<\/strong><br \/>\nmit Tomaten, Sahne, dazu\u00a0Salatbeilage, vegi\u00a0 \u00a0\u00a0<strong>\u00a0 \u00a0 \u00a0 \u00a0 \u00a0 \u00a0 \u00a0 \u00a0 \u00a0 \u00a0 \u00a0 \u00a0 \u00a0 \u00a0 \u00a0 \u00a0 \u00a0 \u00a0 \u00a0\u00a0<\/strong>\u00a0 10,00\u00a0\u20ac<br \/>\n*wahlweise mit Gefl\u00fcgelfrikadelle\u00a0 \u00a0 \u00a0 \u00a0 \u00a0 \u00a0 \u00a0 \u00a0 \u00a0 \u00a0 \u00a0 \u00a0 \u00a0 \u00a0 \u00a0 \u00a0 \u00a0 \u00a0 \u00a0 \u00a0 \u00a0 \u00a0 \u00a0 \u00a0 \u00a0 \u00a0 \u00a0 \u00a0 \u00a0 \u00a0 \u00a0 +2,50 \u20ac<\/p>\n<h2><u><br \/>\n<\/u>Freitag<\/h2>\n<p><strong>Tante-Ellys Kartoffelsuppe<\/strong>, vegi<strong> \u00a0 \u00a0 \u00a0 \u00a0 \u00a0 \u00a0 \u00a0 \u00a0 \u00a0 \u00a0 \u00a0 \u00a0 \u00a0 \u00a0 \u00a0 \u00a0 \u00a0 \u00a0 \u00a0 \u00a0 \u00a0 \u00a0 \u00a0 \u00a0 \u00a0 \u00a0 \u00a0 \u00a0 \u00a0 \u00a0 \u00a0<\/strong>\u00a0 \u00a0 9,00\u00a0\u20ac<br \/>\n*wahlweise mit Gefl\u00fcgelw\u00fcrstchen\u00a0 \u00a0 \u00a0 \u00a0 \u00a0 \u00a0 \u00a0 \u00a0 \u00a0 \u00a0 \u00a0 \u00a0 \u00a0 \u00a0 \u00a0 \u00a0 \u00a0 \u00a0 \u00a0 \u00a0 \u00a0 \u00a0 \u00a0 \u00a0 \u00a0 \u00a0 \u00a0 \u00a0 \u00a0 \u00a0+1,70 \u20ac<\/p>\n<p><strong>Buntes Rinder-Gulasch mit Nudeln<br \/>\n<\/strong>mit Paprika, M\u00f6hren, Erbsen in feiner brauner Sauce\u00a0 \u00a0 \u00a0 \u00a0 \u00a0 \u00a0 \u00a0 \u00a0 \u00a0 \u00a0 \u00a0 \u00a0 \u00a0 \u00a0 \u00a010,50 \u20ac<\/p>\n<h2><\/h2>\n<h4><span style=\"color: #000000;\">Wir servieren Euch Speisen und\u00a0Getr\u00e4nke\u00a0vor Ort. Weiterhin bieten wir\u00a0nat\u00fcrlich alles auch zum mitnehmen an&#8230;.\u00a0<\/span><\/h4>\n<h3><span style=\"color: #000000;\"><span style=\"color: #99cc00;\">Mehrwegsystem\u00a0<\/span><\/span><span style=\"color: #000000;\">im Biskotto!<\/span><\/h3>\n<h4><span style=\"color: #000000;\">Kreditkarten\/EC-Kartenzahlung m\u00f6glich.<\/span><\/h4>\n<h4><span style=\"color: #000000;\">Jetzt Neu!: folge uns auf Instagram @biskotto_bistro.\u00a0<\/span><\/h4>\n<p>Vorbestellungen bis 11:15 Uhr unter 0231\/700 2 700.<br \/>\nDruckfehler, Irrt\u00fcmer &amp; Preis\u00e4nderungen behalten wir uns vor.<\/p>\n<h2><\/h2>\n<p>&nbsp;<\/p>\n<h2>\u00d6ffnungszeiten<\/h2>\n<p>Montag bis Freitag:\u00a0 10:00 bis\u00a013:30 Uhr<br \/>\nWarme K\u00fcche Montags bis Freitags:\u00a0 11:30 bis 13:30Uhr<\/p>\n<p>&nbsp;<\/p>\n<hr \/>\n<h6>Irrt\u00fcmer, Druckfehler und Preis\u00e4nderungen behalten wir uns vor.<\/h6>\n<div class=\"pdfprnt-buttons pdfprnt-buttons-page pdfprnt-bottom-right\"><a href=\"https:\/\/biskotto.de\/index.php?rest_route=wpv2pages344&print=pdf\" class=\"pdfprnt-button pdfprnt-button-pdf\" target=\"_blank\"><img decoding=\"async\" src=\"https:\/\/biskotto.de\/wp-content\/plugins\/pdf-print\/images\/pdf.png\" alt=\"image_pdf\" title=\"PDF anzeigen\" \/><\/a><a href=\"https:\/\/biskotto.de\/index.php?rest_route=wpv2pages344&print=print\" class=\"pdfprnt-button pdfprnt-button-print\" target=\"_blank\"><img decoding=\"async\" src=\"https:\/\/biskotto.de\/wp-content\/plugins\/pdf-print\/images\/print.png\" alt=\"image_print\" title=\"Inhalt drucken\" \/><\/a><\/div>","protected":false},"excerpt":{"rendered":"<p>Bitte bestellt vor (telefonisch, Whatsapp,\u00a0 \u00a0 \u00a0 -bis 11:15 Uhr), damit wir Eure Lieblingsspeisen garantiert f\u00fcr Euch da haben: Tel\/ Whatsapp: 0231\/700 2 700\u00a0 \u00a0 \u00a0\u00a0 Wir freuen uns auf Euch&#8230; Tischreservierungen f\u00fcr z.B. Gesch\u00e4ftsessen um 11:30 Uhr oder um 13:00 Uhr m\u00f6glich. T\u00e4glich zus\u00e4tzlich:\u00a0 \u201eHasta la Pasta\u201c\u2026 (t\u00e4glich ab &#8230;<\/p>\n","protected":false},"author":2,"featured_media":0,"parent":0,"menu_order":0,"comment_status":"closed","ping_status":"closed","template":"","meta":{"footnotes":""},"categories":[],"tags":[],"class_list":["post-344","page","type-page","status-publish","hentry","column","onecol"],"publishpress_future_action":{"enabled":false,"date":"2026-05-14 13:43:39","action":"change-status","newStatus":"draft","terms":[],"taxonomy":"category"},"_links":{"self":[{"href":"https:\/\/biskotto.de\/index.php?rest_route=\/wp\/v2\/pages\/344","targetHints":{"allow":["GET"]}}],"collection":[{"href":"https:\/\/biskotto.de\/index.php?rest_route=\/wp\/v2\/pages"}],"about":[{"href":"https:\/\/biskotto.de\/index.php?rest_route=\/wp\/v2\/types\/page"}],"author":[{"embeddable":true,"href":"https:\/\/biskotto.de\/index.php?rest_route=\/wp\/v2\/users\/2"}],"replies":[{"embeddable":true,"href":"https:\/\/biskotto.de\/index.php?rest_route=%2Fwp%2Fv2%2Fcomments&post=344"}],"version-history":[{"count":708,"href":"https:\/\/biskotto.de\/index.php?rest_route=\/wp\/v2\/pages\/344\/revisions"}],"predecessor-version":[{"id":2714,"href":"https:\/\/biskotto.de\/index.php?rest_route=\/wp\/v2\/pages\/344\/revisions\/2714"}],"wp:attachment":[{"href":"https:\/\/biskotto.de\/index.php?rest_route=%2Fwp%2Fv2%2Fmedia&parent=344"}],"wp:term":[{"taxonomy":"category","embeddable":true,"href":"https:\/\/biskotto.de\/index.php?rest_route=%2Fwp%2Fv2%2Fcategories&post=344"},{"taxonomy":"post_tag","embeddable":true,"href":"https:\/\/biskotto.de\/index.php?rest_route=%2Fwp%2Fv2%2Ftags&post=344"}],"curies":[{"name":"wp","href":"https:\/\/api.w.org\/{rel}","templated":true}]}}